{"id":8191,"date":"2022-06-20T11:40:51","date_gmt":"2022-06-20T16:40:51","guid":{"rendered":"https:\/\/milolashes.com.mx\/?post_type=product&#038;p=8191"},"modified":"2024-08-11T03:49:18","modified_gmt":"2024-08-11T09:49:18","slug":"calcio-para-unas","status":"publish","type":"product","link":"https:\/\/milolashes.com.mx\/index.php\/producto\/calcio-para-unas\/","title":{"rendered":"Calcio para u\u00f1as"},"content":{"rendered":"<p>Aplicaci\u00f3n de calcio para u\u00f1as<\/p>\n ","protected":false},"excerpt":{"rendered":"<p>Aplicaci\u00f3n de calcio para u\u00f1as<\/p>\n","protected":false},"featured_media":8192,"comment_status":"open","ping_status":"closed","template":"","meta":{"spay_email":""},"product_cat":[257,270],"product_tag":[],"_links":{"self":[{"href":"https:\/\/milolashes.com.mx\/index.php\/wp-json\/wp\/v2\/product\/8191"}],"collection":[{"href":"https:\/\/milolashes.com.mx\/index.php\/wp-json\/wp\/v2\/product"}],"about":[{"href":"https:\/\/milolashes.com.mx\/index.php\/wp-json\/wp\/v2\/types\/product"}],"replies":[{"embeddable":true,"href":"https:\/\/milolashes.com.mx\/index.php\/wp-json\/wp\/v2\/comments?post=8191"}],"wp:featuredmedia":[{"embeddable":true,"href":"https:\/\/milolashes.com.mx\/index.php\/wp-json\/wp\/v2\/media\/8192"}],"wp:attachment":[{"href":"https:\/\/milolashes.com.mx\/index.php\/wp-json\/wp\/v2\/media?parent=8191"}],"wp:term":[{"taxonomy":"product_cat","embeddable":true,"href":"https:\/\/milolashes.com.mx\/index.php\/wp-json\/wp\/v2\/product_cat?post=8191"},{"taxonomy":"product_tag","embeddable":true,"href":"https:\/\/milolashes.com.mx\/index.php\/wp-json\/wp\/v2\/product_tag?post=8191"}],"curies":[{"name":"wp","href":"https:\/\/api.w.org\/{rel}","templated":true}]}}